{"id":2538,"date":"2023-03-18T12:01:21","date_gmt":"2023-03-18T11:01:21","guid":{"rendered":"https:\/\/www.babyboton.com\/?post_type=product&#038;p=2538"},"modified":"2023-03-18T12:05:26","modified_gmt":"2023-03-18T11:05:26","slug":"miniwear-corporativo-2","status":"publish","type":"product","link":"https:\/\/www.babyboton.com\/en\/producto\/miniwear-corporativo-2\/","title":{"rendered":"Miniwear Corporativo 2"},"content":{"rendered":"<p>Es probable que disfrutes de las cosas con formas sencillas, y modernas porque esa uni\u00f3n las hace bellas. Y si adem\u00e1s est\u00e1n hechas desde el compromiso y la responsabilidad con el medio ambiente eso los hace inteligentes.<\/p>\n<p>Nuestros 2 nuevas colecciones miniwear son 100% algod\u00f3n reciclado y tienen un dise\u00f1o \u00fanico como tu beb\u00e9.<\/p>\n<p>El mundo est\u00e1 lleno de cosas que no necesitamos, disfruta de lo que realmente importa.<\/p>\n","protected":false},"excerpt":{"rendered":"<p>Body Miniwear Corporativo 2 100% algod\u00f3n reciclado<\/p>\n","protected":false},"featured_media":2534,"template":"","meta":[],"product_brand":[],"product_cat":[208],"product_tag":[],"class_list":{"0":"post-2538","1":"product","2":"type-product","3":"status-publish","4":"has-post-thumbnail","6":"product_cat-miniwear-corporativo","8":"first","9":"instock","10":"taxable","11":"shipping-taxable","12":"purchasable","13":"product-type-simple"},"yoast_head":"<!-- This site is optimized with the Yoast SEO plugin v27.4 - https:\/\/yoast.com\/product\/yoast-seo-wordpress\/ -->\n<title>Miniwear Corporativo 2 - Babyboton<\/title>\n<meta name=\"robots\" content=\"index, follow, max-snippet:-1, max-image-preview:large, max-video-preview:-1\" \/>\n<link rel=\"canonical\" href=\"https:\/\/www.babyboton.com\/producto\/miniwear-corporativo-2\/\" \/>\n<meta property=\"og:locale\" content=\"en_GB\" \/>\n<meta property=\"og:type\" content=\"article\" \/>\n<meta property=\"og:title\" content=\"Miniwear Corporativo 2 - Babyboton\" \/>\n<meta property=\"og:description\" content=\"Body Miniwear Corporativo 2 100% algod\u00f3n reciclado\" \/>\n<meta property=\"og:url\" content=\"https:\/\/www.babyboton.com\/producto\/miniwear-corporativo-2\/\" \/>\n<meta property=\"og:site_name\" content=\"Babyboton\" \/>\n<meta property=\"article:modified_time\" content=\"2023-03-18T11:05:26+00:00\" \/>\n<meta property=\"og:image\" content=\"https:\/\/www.babyboton.com\/wp-content\/uploads\/2023\/03\/miniwear_corp_2_1.jpg\" \/>\n\t<meta property=\"og:image:width\" content=\"853\" \/>\n\t<meta property=\"og:image:height\" content=\"800\" \/>\n\t<meta property=\"og:image:type\" content=\"image\/jpeg\" \/>\n<meta name=\"twitter:card\" content=\"summary_large_image\" \/>\n<meta name=\"twitter:label1\" content=\"Estimated reading time\" \/>\n\t<meta name=\"twitter:data1\" content=\"1 minute\" \/>\n<!-- \/ Yoast SEO plugin. -->","yoast_head_json":{"title":"Miniwear Corporativo 2 - Babyboton","robots":{"index":"index","follow":"follow","max-snippet":"max-snippet:-1","max-image-preview":"max-image-preview:large","max-video-preview":"max-video-preview:-1"},"canonical":"https:\/\/www.babyboton.com\/producto\/miniwear-corporativo-2\/","og_locale":"en_GB","og_type":"article","og_title":"Miniwear Corporativo 2 - Babyboton","og_description":"Body Miniwear Corporativo 2 100% algod\u00f3n reciclado","og_url":"https:\/\/www.babyboton.com\/producto\/miniwear-corporativo-2\/","og_site_name":"Babyboton","article_modified_time":"2023-03-18T11:05:26+00:00","og_image":[{"width":853,"height":800,"url":"https:\/\/www.babyboton.com\/wp-content\/uploads\/2023\/03\/miniwear_corp_2_1.jpg","type":"image\/jpeg"}],"twitter_card":"summary_large_image","twitter_misc":{"Estimated reading time":"1 minute"},"schema":{"@context":"https:\/\/schema.org","@graph":[{"@type":"WebPage","@id":"https:\/\/www.babyboton.com\/producto\/miniwear-corporativo-2\/","url":"https:\/\/www.babyboton.com\/producto\/miniwear-corporativo-2\/","name":"Miniwear Corporativo 2 - Babyboton","isPartOf":{"@id":"https:\/\/www.babyboton.com\/#website"},"primaryImageOfPage":{"@id":"https:\/\/www.babyboton.com\/producto\/miniwear-corporativo-2\/#primaryimage"},"image":{"@id":"https:\/\/www.babyboton.com\/producto\/miniwear-corporativo-2\/#primaryimage"},"thumbnailUrl":"https:\/\/www.babyboton.com\/wp-content\/uploads\/2023\/03\/miniwear_corp_2_1.jpg","datePublished":"2023-03-18T11:01:21+00:00","dateModified":"2023-03-18T11:05:26+00:00","breadcrumb":{"@id":"https:\/\/www.babyboton.com\/producto\/miniwear-corporativo-2\/#breadcrumb"},"inLanguage":"en-GB","potentialAction":[{"@type":"ReadAction","target":["https:\/\/www.babyboton.com\/producto\/miniwear-corporativo-2\/"]}]},{"@type":"ImageObject","inLanguage":"en-GB","@id":"https:\/\/www.babyboton.com\/producto\/miniwear-corporativo-2\/#primaryimage","url":"https:\/\/www.babyboton.com\/wp-content\/uploads\/2023\/03\/miniwear_corp_2_1.jpg","contentUrl":"https:\/\/www.babyboton.com\/wp-content\/uploads\/2023\/03\/miniwear_corp_2_1.jpg","width":853,"height":800},{"@type":"BreadcrumbList","@id":"https:\/\/www.babyboton.com\/producto\/miniwear-corporativo-2\/#breadcrumb","itemListElement":[{"@type":"ListItem","position":1,"name":"Portada","item":"https:\/\/www.babyboton.com\/en\/"},{"@type":"ListItem","position":2,"name":"Shop","item":"https:\/\/www.babyboton.com\/en\/shop\/"},{"@type":"ListItem","position":3,"name":"Miniwear Corporativo 2"}]},{"@type":"WebSite","@id":"https:\/\/www.babyboton.com\/#website","url":"https:\/\/www.babyboton.com\/","name":"Babyboton","description":"Patucos para beb\u00e9s","potentialAction":[{"@type":"SearchAction","target":{"@type":"EntryPoint","urlTemplate":"https:\/\/www.babyboton.com\/?s={search_term_string}"},"query-input":{"@type":"PropertyValueSpecification","valueRequired":true,"valueName":"search_term_string"}}],"inLanguage":"en-GB"}]}},"_links":{"self":[{"href":"https:\/\/www.babyboton.com\/en\/wp-json\/wp\/v2\/product\/2538","targetHints":{"allow":["GET"]}}],"collection":[{"href":"https:\/\/www.babyboton.com\/en\/wp-json\/wp\/v2\/product"}],"about":[{"href":"https:\/\/www.babyboton.com\/en\/wp-json\/wp\/v2\/types\/product"}],"wp:featuredmedia":[{"embeddable":true,"href":"https:\/\/www.babyboton.com\/en\/wp-json\/wp\/v2\/media\/2534"}],"wp:attachment":[{"href":"https:\/\/www.babyboton.com\/en\/wp-json\/wp\/v2\/media?parent=2538"}],"wp:term":[{"taxonomy":"product_brand","embeddable":true,"href":"https:\/\/www.babyboton.com\/en\/wp-json\/wp\/v2\/product_brand?post=2538"},{"taxonomy":"product_cat","embeddable":true,"href":"https:\/\/www.babyboton.com\/en\/wp-json\/wp\/v2\/product_cat?post=2538"},{"taxonomy":"product_tag","embeddable":true,"href":"https:\/\/www.babyboton.com\/en\/wp-json\/wp\/v2\/product_tag?post=2538"}],"curies":[{"name":"wp","href":"https:\/\/api.w.org\/{rel}","templated":true}]}}