{"id":1899,"date":"2020-11-05T12:46:11","date_gmt":"2020-11-05T11:46:11","guid":{"rendered":"https:\/\/www.babyboton.com\/?post_type=product&#038;p=1899"},"modified":"2021-03-03T10:15:06","modified_gmt":"2021-03-03T09:15:06","slug":"gorro-de-lana-the-hood-mustard","status":"publish","type":"product","link":"https:\/\/www.babyboton.com\/en\/producto\/gorro-de-lana-the-hood-mustard\/","title":{"rendered":"Gorro the Hood mustard"},"content":{"rendered":"","protected":false},"excerpt":{"rendered":"<p>The Hood mustard es un gorro de lana (80% lana virgen-20% poliamida) tejido con punto de arroz.<\/p>\n<p>El gorro lleva botones de madera de olivo tratados con cera natural, sin barnices ni pintura. El producto es respetuoso 100% con el medio ambiente.<\/p>\n<p>Ideales para beb\u00e9s de 6 a 12 meses. Una peque\u00f1a porci\u00f3n de smart-fashion y el complemento perfecto para sus<a href=\"https:\/\/www.babyboton.com\/categoria-producto\/folsky\/\"> bb&#8217;n.<\/a><\/p>\n","protected":false},"featured_media":1966,"template":"","meta":[],"product_brand":[],"product_cat":[76],"product_tag":[84,82,83,80,85,81],"class_list":{"0":"post-1899","1":"product","2":"type-product","3":"status-publish","4":"has-post-thumbnail","6":"product_cat-the-hood","7":"product_tag-babyboton","8":"product_tag-bebes","9":"product_tag-botones","10":"product_tag-gorro","11":"product_tag-gorro-de-lana","12":"product_tag-lana","14":"first","15":"instock","16":"taxable","17":"shipping-taxable","18":"purchasable","19":"product-type-simple"},"yoast_head":"<!-- This site is optimized with the Yoast SEO plugin v27.5 - https:\/\/yoast.com\/product\/yoast-seo-wordpress\/ -->\n<title>Gorro the Hood mustard - Babyboton<\/title>\n<meta name=\"description\" content=\"Gorro de lana tejido con punto de arroz. Ideales para beb\u00e9s de 6 a 12 meses. Botones de madera de olivo tratados con cera natural, sin barnices ni pintura.\" \/>\n<meta name=\"robots\" content=\"index, follow, max-snippet:-1, max-image-preview:large, max-video-preview:-1\" \/>\n<link rel=\"canonical\" href=\"https:\/\/www.babyboton.com\/producto\/gorro-de-lana-the-hood-mustard\/\" \/>\n<meta property=\"og:locale\" content=\"en_GB\" \/>\n<meta property=\"og:type\" content=\"article\" \/>\n<meta property=\"og:title\" content=\"Gorro the Hood mustard - Babyboton\" \/>\n<meta property=\"og:description\" content=\"Gorro de lana tejido con punto de arroz. Ideales para beb\u00e9s de 6 a 12 meses. Botones de madera de olivo tratados con cera natural, sin barnices ni pintura.\" \/>\n<meta property=\"og:url\" content=\"https:\/\/www.babyboton.com\/producto\/gorro-de-lana-the-hood-mustard\/\" \/>\n<meta property=\"og:site_name\" content=\"Babyboton\" \/>\n<meta property=\"article:modified_time\" content=\"2021-03-03T09:15:06+00:00\" \/>\n<meta property=\"og:image\" content=\"https:\/\/www.babyboton.com\/wp-content\/uploads\/2020\/11\/hood_mustard_producto5.jpg\" \/>\n\t<meta property=\"og:image:width\" content=\"800\" \/>\n\t<meta property=\"og:image:height\" content=\"750\" \/>\n\t<meta property=\"og:image:type\" content=\"image\/jpeg\" \/>\n<meta name=\"twitter:card\" content=\"summary_large_image\" \/>\n<!-- \/ Yoast SEO plugin. -->","yoast_head_json":{"title":"Gorro the Hood mustard - Babyboton","description":"Gorro de lana tejido con punto de arroz. Ideales para beb\u00e9s de 6 a 12 meses. Botones de madera de olivo tratados con cera natural, sin barnices ni pintura.","robots":{"index":"index","follow":"follow","max-snippet":"max-snippet:-1","max-image-preview":"max-image-preview:large","max-video-preview":"max-video-preview:-1"},"canonical":"https:\/\/www.babyboton.com\/producto\/gorro-de-lana-the-hood-mustard\/","og_locale":"en_GB","og_type":"article","og_title":"Gorro the Hood mustard - Babyboton","og_description":"Gorro de lana tejido con punto de arroz. Ideales para beb\u00e9s de 6 a 12 meses. Botones de madera de olivo tratados con cera natural, sin barnices ni pintura.","og_url":"https:\/\/www.babyboton.com\/producto\/gorro-de-lana-the-hood-mustard\/","og_site_name":"Babyboton","article_modified_time":"2021-03-03T09:15:06+00:00","og_image":[{"width":800,"height":750,"url":"https:\/\/www.babyboton.com\/wp-content\/uploads\/2020\/11\/hood_mustard_producto5.jpg","type":"image\/jpeg"}],"twitter_card":"summary_large_image","schema":{"@context":"https:\/\/schema.org","@graph":[{"@type":"WebPage","@id":"https:\/\/www.babyboton.com\/producto\/gorro-de-lana-the-hood-mustard\/","url":"https:\/\/www.babyboton.com\/producto\/gorro-de-lana-the-hood-mustard\/","name":"Gorro the Hood mustard - Babyboton","isPartOf":{"@id":"https:\/\/www.babyboton.com\/#website"},"primaryImageOfPage":{"@id":"https:\/\/www.babyboton.com\/producto\/gorro-de-lana-the-hood-mustard\/#primaryimage"},"image":{"@id":"https:\/\/www.babyboton.com\/producto\/gorro-de-lana-the-hood-mustard\/#primaryimage"},"thumbnailUrl":"https:\/\/www.babyboton.com\/wp-content\/uploads\/2020\/11\/hood_mustard_producto5.jpg","datePublished":"2020-11-05T11:46:11+00:00","dateModified":"2021-03-03T09:15:06+00:00","description":"Gorro de lana tejido con punto de arroz. Ideales para beb\u00e9s de 6 a 12 meses. Botones de madera de olivo tratados con cera natural, sin barnices ni pintura.","breadcrumb":{"@id":"https:\/\/www.babyboton.com\/producto\/gorro-de-lana-the-hood-mustard\/#breadcrumb"},"inLanguage":"en-GB","potentialAction":[{"@type":"ReadAction","target":["https:\/\/www.babyboton.com\/producto\/gorro-de-lana-the-hood-mustard\/"]}]},{"@type":"ImageObject","inLanguage":"en-GB","@id":"https:\/\/www.babyboton.com\/producto\/gorro-de-lana-the-hood-mustard\/#primaryimage","url":"https:\/\/www.babyboton.com\/wp-content\/uploads\/2020\/11\/hood_mustard_producto5.jpg","contentUrl":"https:\/\/www.babyboton.com\/wp-content\/uploads\/2020\/11\/hood_mustard_producto5.jpg","width":800,"height":750,"caption":"gorro de lana the hood"},{"@type":"BreadcrumbList","@id":"https:\/\/www.babyboton.com\/producto\/gorro-de-lana-the-hood-mustard\/#breadcrumb","itemListElement":[{"@type":"ListItem","position":1,"name":"Portada","item":"https:\/\/www.babyboton.com\/en\/"},{"@type":"ListItem","position":2,"name":"Shop","item":"https:\/\/www.babyboton.com\/en\/shop\/"},{"@type":"ListItem","position":3,"name":"Gorro the Hood mustard"}]},{"@type":"WebSite","@id":"https:\/\/www.babyboton.com\/#website","url":"https:\/\/www.babyboton.com\/","name":"Babyboton","description":"Patucos para beb\u00e9s","potentialAction":[{"@type":"SearchAction","target":{"@type":"EntryPoint","urlTemplate":"https:\/\/www.babyboton.com\/?s={search_term_string}"},"query-input":{"@type":"PropertyValueSpecification","valueRequired":true,"valueName":"search_term_string"}}],"inLanguage":"en-GB"}]}},"_links":{"self":[{"href":"https:\/\/www.babyboton.com\/en\/wp-json\/wp\/v2\/product\/1899","targetHints":{"allow":["GET"]}}],"collection":[{"href":"https:\/\/www.babyboton.com\/en\/wp-json\/wp\/v2\/product"}],"about":[{"href":"https:\/\/www.babyboton.com\/en\/wp-json\/wp\/v2\/types\/product"}],"wp:featuredmedia":[{"embeddable":true,"href":"https:\/\/www.babyboton.com\/en\/wp-json\/wp\/v2\/media\/1966"}],"wp:attachment":[{"href":"https:\/\/www.babyboton.com\/en\/wp-json\/wp\/v2\/media?parent=1899"}],"wp:term":[{"taxonomy":"product_brand","embeddable":true,"href":"https:\/\/www.babyboton.com\/en\/wp-json\/wp\/v2\/product_brand?post=1899"},{"taxonomy":"product_cat","embeddable":true,"href":"https:\/\/www.babyboton.com\/en\/wp-json\/wp\/v2\/product_cat?post=1899"},{"taxonomy":"product_tag","embeddable":true,"href":"https:\/\/www.babyboton.com\/en\/wp-json\/wp\/v2\/product_tag?post=1899"}],"curies":[{"name":"wp","href":"https:\/\/api.w.org\/{rel}","templated":true}]}}